{"id":16002001,"date":"2020-05-25T08:52:19","date_gmt":"2020-11-05T13:48:22","guid":{"rendered":"https:\/\/bali-boo.com\/product\/ensemble-repas-sans-plastique\/"},"modified":"2020-11-21T11:37:46","modified_gmt":"2020-11-21T11:37:46","slug":"paquet-repas-sans-plastique","status":"publish","type":"product","link":"https:\/\/bali-boo.com\/fr\/product\/paquet-repas-sans-plastique\/","title":{"rendered":"Ensemble Repas Sans Plastique"},"content":{"rendered":"","protected":false},"excerpt":{"rendered":"<p><strong>(\u00c9conomisez 10%)<\/strong><\/p>\n<p>Vous en avez assez de manger \u00e0 emporter et d&#8217;utiliser du plastique \u00e0 usage unique \u00e0 chaque fois ? Alors cet ensemble est fait pour vous !<\/p>\n<p>Comprenant notre best-seller de <strong>12 Pailles en Bambou<\/strong>et notre ensemble de <strong>Couverts R\u00e9utilisables en Bambou<\/strong>, cet ensemble vous fournira tous les outils dont vous aurez besoin pour cesser d&#8217;utiliser du plastique une fois pour toutes.<\/p>\n<p>Commencez votre vie z\u00e9ro d\u00e9chet avec l&#8217;ensemble Repas Sans Plastique maintenant !<\/p>\n","protected":false},"featured_media":16001634,"comment_status":"open","ping_status":"closed","template":"","meta":[],"product_cat":[6000144,6000135,6000145],"product_tag":[],"yoast_head":"<!-- This site is optimized with the Yoast SEO plugin v17.5 - https:\/\/yoast.com\/wordpress\/plugins\/seo\/ -->\n<title>Ensemble Repas Sans Plastique &mdash; Bali Boo - Natural Alternatives to Plastic<\/title>\n<meta name=\"description\" content=\"Fini le plastique pendant vos repas ! L&#039;ensemble de repas sans plastique comprend notre lot de 12 pailles en bambou et notre ensemble de couverts en bambou r\u00e9utilisables.\" \/>\n<meta name=\"robots\" content=\"index, follow, max-snippet:-1, max-image-preview:large, max-video-preview:-1\" \/>\n<link rel=\"canonical\" href=\"https:\/\/bali-boo.com\/fr\/product\/paquet-repas-sans-plastique\/\" \/>\n<meta property=\"og:locale\" content=\"fr_FR\" \/>\n<meta property=\"og:type\" content=\"article\" \/>\n<meta property=\"og:title\" content=\"Ensemble Repas Sans Plastique &mdash; Bali Boo - Natural Alternatives to Plastic\" \/>\n<meta property=\"og:description\" content=\"Fini le plastique pendant vos repas ! L&#039;ensemble de repas sans plastique comprend notre lot de 12 pailles en bambou et notre ensemble de couverts en bambou r\u00e9utilisables.\" \/>\n<meta property=\"og:url\" content=\"https:\/\/bali-boo.com\/fr\/product\/paquet-repas-sans-plastique\/\" \/>\n<meta property=\"og:site_name\" content=\"Bali Boo - Natural Alternatives to Plastic\" \/>\n<meta property=\"article:modified_time\" content=\"2020-11-21T11:37:46+00:00\" \/>\n<meta property=\"og:image\" content=\"https:\/\/staging.bali-boo.com\/wp-content\/uploads\/2020\/05\/bamboo-straws-bamboo-cutlery.jpg\" \/>\n\t<meta property=\"og:image:width\" content=\"1000\" \/>\n\t<meta property=\"og:image:height\" content=\"1000\" \/>\n<meta name=\"twitter:card\" content=\"summary_large_image\" \/>\n<script type=\"application\/ld+json\" class=\"yoast-schema-graph\">{\"@context\":\"https:\/\/schema.org\",\"@graph\":[{\"@type\":\"Organization\",\"@id\":\"https:\/\/bali-boo.com\/#organization\",\"name\":\"Bali Boo\",\"url\":\"https:\/\/bali-boo.com\/\",\"sameAs\":[],\"logo\":{\"@type\":\"ImageObject\",\"@id\":\"https:\/\/bali-boo.com\/#logo\",\"inLanguage\":\"fr-FR\",\"url\":\"https:\/\/bali-boo.com\/wp-content\/uploads\/2019\/05\/bali-boo-naturals-logo-main.png\",\"contentUrl\":\"https:\/\/bali-boo.com\/wp-content\/uploads\/2019\/05\/bali-boo-naturals-logo-main.png\",\"width\":300,\"height\":201,\"caption\":\"Bali Boo\"},\"image\":{\"@id\":\"https:\/\/bali-boo.com\/#logo\"}},{\"@type\":\"WebSite\",\"@id\":\"https:\/\/bali-boo.com\/#website\",\"url\":\"https:\/\/bali-boo.com\/\",\"name\":\"Bali Boo - Natural Alternatives to Plastic\",\"description\":\"Natural Alternatives to Plastic\",\"publisher\":{\"@id\":\"https:\/\/bali-boo.com\/#organization\"},\"potentialAction\":[{\"@type\":\"SearchAction\",\"target\":{\"@type\":\"EntryPoint\",\"urlTemplate\":\"https:\/\/bali-boo.com\/?s={search_term_string}\"},\"query-input\":\"required name=search_term_string\"}],\"inLanguage\":\"fr-FR\"},{\"@type\":\"ImageObject\",\"@id\":\"https:\/\/bali-boo.com\/fr\/product\/paquet-repas-sans-plastique\/#primaryimage\",\"inLanguage\":\"fr-FR\",\"url\":\"https:\/\/bali-boo.com\/wp-content\/uploads\/2020\/05\/bamboo-straws-bamboo-cutlery.jpg\",\"contentUrl\":\"https:\/\/bali-boo.com\/wp-content\/uploads\/2020\/05\/bamboo-straws-bamboo-cutlery.jpg\",\"width\":1000,\"height\":1000,\"caption\":\"Ensemble Repas Sans D\\u00e9chet\"},{\"@type\":\"WebPage\",\"@id\":\"https:\/\/bali-boo.com\/fr\/product\/paquet-repas-sans-plastique\/#webpage\",\"url\":\"https:\/\/bali-boo.com\/fr\/product\/paquet-repas-sans-plastique\/\",\"name\":\"Ensemble Repas Sans Plastique &mdash; Bali Boo - Natural Alternatives to Plastic\",\"isPartOf\":{\"@id\":\"https:\/\/bali-boo.com\/#website\"},\"primaryImageOfPage\":{\"@id\":\"https:\/\/bali-boo.com\/fr\/product\/paquet-repas-sans-plastique\/#primaryimage\"},\"datePublished\":\"2020-11-05T13:48:22+00:00\",\"dateModified\":\"2020-11-21T11:37:46+00:00\",\"description\":\"Fini le plastique pendant vos repas ! L'ensemble de repas sans plastique comprend notre lot de 12 pailles en bambou et notre ensemble de couverts en bambou r\\u00e9utilisables.\",\"breadcrumb\":{\"@id\":\"https:\/\/bali-boo.com\/fr\/product\/paquet-repas-sans-plastique\/#breadcrumb\"},\"inLanguage\":\"fr-FR\",\"potentialAction\":[{\"@type\":\"ReadAction\",\"target\":[\"https:\/\/bali-boo.com\/fr\/product\/paquet-repas-sans-plastique\/\"]}]},{\"@type\":\"BreadcrumbList\",\"@id\":\"https:\/\/bali-boo.com\/fr\/product\/paquet-repas-sans-plastique\/#breadcrumb\",\"itemListElement\":[{\"@type\":\"ListItem\",\"position\":1,\"name\":\"Home\",\"item\":\"https:\/\/bali-boo.com\/fr\/\"},{\"@type\":\"ListItem\",\"position\":2,\"name\":\"Shop\",\"item\":\"https:\/\/bali-boo.com\/shop\/\"},{\"@type\":\"ListItem\",\"position\":3,\"name\":\"Ensemble Repas Sans Plastique\"}]}]}<\/script>\n<!-- \/ Yoast SEO plugin. -->","yoast_head_json":{"title":"Ensemble Repas Sans Plastique &mdash; Bali Boo - Natural Alternatives to Plastic","description":"Fini le plastique pendant vos repas ! L'ensemble de repas sans plastique comprend notre lot de 12 pailles en bambou et notre ensemble de couverts en bambou r\u00e9utilisables.","robots":{"index":"index","follow":"follow","max-snippet":"max-snippet:-1","max-image-preview":"max-image-preview:large","max-video-preview":"max-video-preview:-1"},"canonical":"https:\/\/bali-boo.com\/fr\/product\/paquet-repas-sans-plastique\/","og_locale":"fr_FR","og_type":"article","og_title":"Ensemble Repas Sans Plastique &mdash; Bali Boo - Natural Alternatives to Plastic","og_description":"Fini le plastique pendant vos repas ! L'ensemble de repas sans plastique comprend notre lot de 12 pailles en bambou et notre ensemble de couverts en bambou r\u00e9utilisables.","og_url":"https:\/\/bali-boo.com\/fr\/product\/paquet-repas-sans-plastique\/","og_site_name":"Bali Boo - Natural Alternatives to Plastic","article_modified_time":"2020-11-21T11:37:46+00:00","og_image":[{"width":1000,"height":1000,"url":"https:\/\/staging.bali-boo.com\/wp-content\/uploads\/2020\/05\/bamboo-straws-bamboo-cutlery.jpg","type":"image\/jpeg"}],"twitter_card":"summary_large_image","schema":{"@context":"https:\/\/schema.org","@graph":[{"@type":"Organization","@id":"https:\/\/bali-boo.com\/#organization","name":"Bali Boo","url":"https:\/\/bali-boo.com\/","sameAs":[],"logo":{"@type":"ImageObject","@id":"https:\/\/bali-boo.com\/#logo","inLanguage":"fr-FR","url":"https:\/\/bali-boo.com\/wp-content\/uploads\/2019\/05\/bali-boo-naturals-logo-main.png","contentUrl":"https:\/\/bali-boo.com\/wp-content\/uploads\/2019\/05\/bali-boo-naturals-logo-main.png","width":300,"height":201,"caption":"Bali Boo"},"image":{"@id":"https:\/\/bali-boo.com\/#logo"}},{"@type":"WebSite","@id":"https:\/\/bali-boo.com\/#website","url":"https:\/\/bali-boo.com\/","name":"Bali Boo - Natural Alternatives to Plastic","description":"Natural Alternatives to Plastic","publisher":{"@id":"https:\/\/bali-boo.com\/#organization"},"potentialAction":[{"@type":"SearchAction","target":{"@type":"EntryPoint","urlTemplate":"https:\/\/bali-boo.com\/?s={search_term_string}"},"query-input":"required name=search_term_string"}],"inLanguage":"fr-FR"},{"@type":"ImageObject","@id":"https:\/\/bali-boo.com\/fr\/product\/paquet-repas-sans-plastique\/#primaryimage","inLanguage":"fr-FR","url":"https:\/\/bali-boo.com\/wp-content\/uploads\/2020\/05\/bamboo-straws-bamboo-cutlery.jpg","contentUrl":"https:\/\/bali-boo.com\/wp-content\/uploads\/2020\/05\/bamboo-straws-bamboo-cutlery.jpg","width":1000,"height":1000,"caption":"Ensemble Repas Sans D\u00e9chet"},{"@type":"WebPage","@id":"https:\/\/bali-boo.com\/fr\/product\/paquet-repas-sans-plastique\/#webpage","url":"https:\/\/bali-boo.com\/fr\/product\/paquet-repas-sans-plastique\/","name":"Ensemble Repas Sans Plastique &mdash; Bali Boo - Natural Alternatives to Plastic","isPartOf":{"@id":"https:\/\/bali-boo.com\/#website"},"primaryImageOfPage":{"@id":"https:\/\/bali-boo.com\/fr\/product\/paquet-repas-sans-plastique\/#primaryimage"},"datePublished":"2020-11-05T13:48:22+00:00","dateModified":"2020-11-21T11:37:46+00:00","description":"Fini le plastique pendant vos repas ! L'ensemble de repas sans plastique comprend notre lot de 12 pailles en bambou et notre ensemble de couverts en bambou r\u00e9utilisables.","breadcrumb":{"@id":"https:\/\/bali-boo.com\/fr\/product\/paquet-repas-sans-plastique\/#breadcrumb"},"inLanguage":"fr-FR","potentialAction":[{"@type":"ReadAction","target":["https:\/\/bali-boo.com\/fr\/product\/paquet-repas-sans-plastique\/"]}]},{"@type":"BreadcrumbList","@id":"https:\/\/bali-boo.com\/fr\/product\/paquet-repas-sans-plastique\/#breadcrumb","itemListElement":[{"@type":"ListItem","position":1,"name":"Home","item":"https:\/\/bali-boo.com\/fr\/"},{"@type":"ListItem","position":2,"name":"Shop","item":"https:\/\/bali-boo.com\/shop\/"},{"@type":"ListItem","position":3,"name":"Ensemble Repas Sans Plastique"}]}]}},"_links":{"self":[{"href":"https:\/\/bali-boo.com\/fr\/wp-json\/wp\/v2\/product\/16002001"}],"collection":[{"href":"https:\/\/bali-boo.com\/fr\/wp-json\/wp\/v2\/product"}],"about":[{"href":"https:\/\/bali-boo.com\/fr\/wp-json\/wp\/v2\/types\/product"}],"replies":[{"embeddable":true,"href":"https:\/\/bali-boo.com\/fr\/wp-json\/wp\/v2\/comments?post=16002001"}],"wp:featuredmedia":[{"embeddable":true,"href":"https:\/\/bali-boo.com\/fr\/wp-json\/wp\/v2\/media\/16001634"}],"wp:attachment":[{"href":"https:\/\/bali-boo.com\/fr\/wp-json\/wp\/v2\/media?parent=16002001"}],"wp:term":[{"taxonomy":"product_cat","embeddable":true,"href":"https:\/\/bali-boo.com\/fr\/wp-json\/wp\/v2\/product_cat?post=16002001"},{"taxonomy":"product_tag","embeddable":true,"href":"https:\/\/bali-boo.com\/fr\/wp-json\/wp\/v2\/product_tag?post=16002001"}],"curies":[{"name":"wp","href":"https:\/\/api.w.org\/{rel}","templated":true}]}}