{"id":12002709,"date":"2020-04-03T10:57:13","date_gmt":"2020-04-03T10:57:13","guid":{"rendered":"https:\/\/bali-boo.com\/preguntas-frecuentes\/faq-de-nuestros-productos\/"},"modified":"2020-04-21T11:28:01","modified_gmt":"2020-04-21T11:28:01","slug":"faq-de-nuestros-productos","status":"publish","type":"page","link":"https:\/\/bali-boo.com\/es\/preguntas-frecuentes\/faq-de-nuestros-productos\/","title":{"rendered":"FAQ de nuestros productos"},"content":{"rendered":"[vc_row][vc_column][mk_page_title_box page_title=&#8221;FAQ de nuestros productos&#8221; page_subtitle=&#8221;Preguntas Frencuentes de Nuestros Productos&#8221; section_height=&#8221;200&#8243; font_size=&#8221;40&#8243; font_color=&#8221;#1accab&#8221; font_weight=&#8221;400&#8243; padding=&#8221;27&#8243; sub_font_size=&#8221;20&#8243; sub_font_color=&#8221;#333333&#8243; sub_font_weight=&#8221;400&#8243;][\/vc_column][\/vc_row][vc_row][vc_column][vc_accordions][vc_accordion_tab title=&#8221;\u00bfD\u00f3nde produc\u00eds vuestros productos?&#8221;][vc_column_text css=&#8221;.vc_custom_1587024585259{margin-bottom: 0px !important;}&#8221;]\n<p style=\"text-align: justify;\">La gran mayor\u00eda de nuestros productos est\u00e1n hechos a mano en Bali, Indonesia. Sin embargo, algunos productos no est\u00e1n disponibles en Indonesia (aunque siempre tratamos de obtenerlos desde aqu\u00ed) y, por lo tanto, tenemos que obtenerlos desde otro lugar, en cualquier caso, siempre seremos transparentes sobre d\u00f3nde se fabrican nuestros productos, por lo que realmente puedes comprar nuestros productos sin sorpresas ocultas.<\/p>\n[\/vc_column_text][\/vc_accordion_tab][vc_accordion_tab title=&#8221;\u00bfQui\u00e9n fabrica vuestros productos?&#8221;][vc_column_text css=&#8221;.vc_custom_1564026799586{margin-bottom: 0px !important;}&#8221;]\n<p style=\"text-align: left;\">Nos gusta ser muy transparentes en nuestros procesos de producci\u00f3n, por lo que te recomendamos que visites la secci\u00f3n &#8220;C\u00f3mo fabricamos nuestros productos&#8221; en el bot\u00f3n de men\u00fa About Us en nuestro men\u00fa principal. Ah\u00ed podr\u00e1s aprender m\u00e1s sobre las personas que hay detr\u00e1s de cada uno de nuestros productos, \u00a1estamos seguros de que les amar\u00e1s tanto como nosotros les amamos!<\/p>\n[\/vc_column_text][\/vc_accordion_tab][vc_accordion_tab title=&#8221;\u00bfPor qu\u00e9 son sostenibles vuestros productos?&#8221;][vc_column_text css=&#8221;.vc_custom_1564026866952{margin-bottom: 0px !important;}&#8221;]\n<p style=\"text-align: justify;\">Indonesia es uno de los peores contaminantes pl\u00e1sticos del mundo. M\u00e1s que verlo a trav\u00e9s de videos y art\u00edculos de Facebook, nosotros vemos el pl\u00e1stico tirado por ahi con nuestros propios ojos cada vez que vamos a la playa, monta\u00f1as, r\u00edos, etc. Bali Boo \u2122 fue creada como una forma de ofrecer una soluci\u00f3n a toda esa locura pl\u00e1stica y presentamos productos que respaldamos con hechos para que t\u00fa tambi\u00e9n puedas disfrutar de una vida sin pl\u00e1sticos.<\/p>\n<p style=\"text-align: justify;\">Todos nuestros materiales provienen de fuentes sostenibles. Ninguno de ellos ha sido procesado, fertilizado o alterado qu\u00edmicamente. Puedes obtener m\u00e1s informaci\u00f3n sobre cada uno de los productos que fabricamos en sus respectivas p\u00e1ginas de productos, en la pesta\u00f1a &#8220;C\u00f3mo se hacen&#8221;.<\/p>\n<p style=\"text-align: justify;\">Adem\u00e1s de nuestros esfuerzos centrados en el producto, siempre pagamos precios superiores a los del mercado a todos nuestros socios y empleamos principalmente a mujeres, ya que creemos que cuando la riqueza se distribuye a las mujeres en la comunidad local, la riqueza realmente impregna a toda la sociedad. Todos nuestros productos son justos y est\u00e1n hechos con el m\u00e1ximo respeto a las condiciones de trabajo de las personas que los fabrican.<\/p>\n<p style=\"text-align: justify;\">Nuestro embalaje tambi\u00e9n es sostenible. Utilizamos principalmente materiales naturales o productos reciclados para empaquetar nuestros productos. Todos los materiales que utilizamos son perfectamente reciclables o incluso compostables y biodegradables. Por lo tanto, puede estar seguro de que no solo el producto en s\u00ed mismo es sostenible por dentro y por fuera, sino que el embalaje en el que viene tambi\u00e9n lo es.<\/p>\n<p>Si deseas obtener m\u00e1s informaci\u00f3n, te recomendamos que visites nuestra<a href=\"https:\/\/bali-boo.com\/es\/about-us\/productos-sostenibles\/\">p\u00e1gina Somos Sostenibles<\/a><\/p>\n[\/vc_column_text][\/vc_accordion_tab][vc_accordion_tab title=&#8221;\u00bfC\u00f3mo s\u00e9 que est\u00e1is diciendo la verdad?&#8221;][vc_column_text css=&#8221;.vc_custom_1564026887794{margin-bottom: 0px !important;}&#8221;]\n<p style=\"text-align: justify;\">Todo nuestro negocio se basa en la transparencia, la confianza y el respeto. No solo hacia nuestro planeta sino tambi\u00e9n hacia las personas que hacen posible Bali Boo\u2122, y hacia ti como cliente que nos ha brindado su confianza.<\/p>\n<p style=\"text-align: justify;\">Si todav\u00eda no est\u00e1s seguro de algo de lo que decimos, puedes <a href=\"https:\/\/bali-boo.com\/es\/contacto\/\">ponerte en contacto<\/a> con nosotros para hacernos cualquier pregunta que puedas tener, estaremos encantados de responder cualquier duda que te surja.<\/p>\n[\/vc_column_text][\/vc_accordion_tab][vc_accordion_tab title=&#8221;\u00bfQu\u00e9 certificaciones teneis?&#8221;][vc_column_text css=&#8221;.vc_custom_1564027079401{margin-bottom: 0px !important;}&#8221;]\n<p style=\"text-align: justify;\">Actualmente, todos nuestros productos est\u00e1n certificados como libres de crueldad y veganos por <a href=\"https:\/\/www.peta.org\/\" target=\"_blank\" rel=\"noopener noreferrer\">PeTA<\/a>.<\/p>\n<p>Aparte de eso, algunos productos pueden tener diferentes certificaciones. Nuestras pajitas de bamb\u00fa est\u00e1n certificadas por la UE como material en contacto con alimentos, nuestros cepillos de dientes est\u00e1n certificados por la FDA, CE, nuestros bastoncillos de algod\u00f3n est\u00e1n certificados por FSC, CE y GOTS.<\/p>\n<p>Estamos constantemente buscando obtener m\u00e1s certificaciones, peroestando en Indonesia no es tan f\u00e1cil obtenerlas como desear\u00edamos, a\u00fan as\u00ed nos esforzamos constantemente por obtener la mayor cantidad posible para que tambi\u00e9n tengas la certeza de que lo que estamos diciendo es cierto .[\/vc_column_text][\/vc_accordion_tab][\/vc_accordions][vc_empty_space height=&#8221;60px&#8221;][vc_column_text css=&#8221;.vc_custom_1564027109777{margin-bottom: 0px !important;}&#8221;]\n<h5 style=\"text-align: center;\">Para cualquier otra pregunta sobre nuestros productos,<br \/>\nTe recomendamos que visites los enlaces a continuaci\u00f3n.<\/h5>\n[\/vc_column_text][vc_empty_space height=&#8221;60px&#8221;][vc_row_inner][vc_column_inner width=&#8221;1\/3&#8243;][mk_image src=&#8221;https:\/\/bali-boo.com\/wp-content\/uploads\/2019\/07\/how-to-make-bamboo-straws-by-bali-boo.jpg&#8221; image_size=&#8221;Image Size 500&#215;500&#8243; link=&#8221;https:\/\/bali-boo.com\/es\/about-us\/nuestras-pajitas-de-bambu\/&#8221;][mk_image src=&#8221;https:\/\/bali-boo.com\/wp-content\/uploads\/2019\/07\/how-are-bamboo-cotton-swabs-made-featured.jpg&#8221; image_size=&#8221;Image Size 500&#215;500&#8243; link=&#8221;https:\/\/bali-boo.com\/es\/about-us\/nuestros-bastoncillos-ecologicos-de-oidos\/&#8221;][\/vc_column_inner][vc_column_inner width=&#8221;1\/3&#8243;][mk_image src=&#8221;https:\/\/bali-boo.com\/wp-content\/uploads\/2019\/07\/how-to-make-coconut-bowls-by-bali-boo.jpg&#8221; image_size=&#8221;Image Size 500&#215;500&#8243; link=&#8221;https:\/\/bali-boo.com\/es\/about-us\/nuestros-cuencos-de-coco\/&#8221;][mk_image src=&#8221;https:\/\/bali-boo.com\/wp-content\/uploads\/2019\/07\/how-are-bamboo-toothbrushes-made-featured.jpg&#8221; image_size=&#8221;Image Size 500&#215;500&#8243; link=&#8221;https:\/\/bali-boo.com\/es\/about-us\/nuestros-cepillos-de-dientes-de-bambu\/&#8221;][\/vc_column_inner][vc_column_inner width=&#8221;1\/3&#8243;][mk_image src=&#8221;https:\/\/bali-boo.com\/wp-content\/uploads\/2019\/07\/how-to-make-bamboo-utensils-by-bali-boo-featured.jpg&#8221; image_size=&#8221;Image Size 500&#215;500&#8243; link=&#8221;https:\/\/bali-boo.com\/es\/about-us\/nuestros-cubiertos-de-bambu\/&#8221;][mk_image src=&#8221;https:\/\/bali-boo.com\/wp-content\/uploads\/2019\/07\/how-we-make-our-beach-headrest-by-bali-boo-featured.jpg&#8221; image_size=&#8221;Image Size 500&#215;500&#8243; link=&#8221;https:\/\/bali-boo.com\/es\/about-us\/nuestro-reposacabezas-de-playa\/&#8221;][\/vc_column_inner][\/vc_row_inner][vc_empty_space height=&#8221;100px&#8221;][\/vc_column][\/vc_row]\n","protected":false},"excerpt":{"rendered":"<p>[vc_row][vc_column][mk_page_title_box page_title=&#8221;FAQ de nuestros productos&#8221; page_subtitle=&#8221;Preguntas Frencuentes de Nuestros Productos&#8221; section_height=&#8221;200&#8243; font_size=&#8221;40&#8243; font_color=&#8221;#1accab&#8221; font_weight=&#8221;400&#8243; padding=&#8221;27&#8243; sub_font_size=&#8221;20&#8243; sub_font_color=&#8221;#333333&#8243; sub_font_weight=&#8221;400&#8243;][\/vc_column][\/vc_row][vc_row][vc_column][vc_accordions][vc_accordion_tab title=&#8221;\u00bfD\u00f3nde produc\u00eds vuestros productos?&#8221;][vc_column_text css=&#8221;.vc_custom_1587024585259{margin-bottom: 0px !important;}&#8221;] La gran mayor\u00eda de nuestros productos est\u00e1n hechos a mano en Bali, Indonesia. Sin embargo, algunos productos no est\u00e1n disponibles en Indonesia (aunque siempre tratamos de obtenerlos desde aqu\u00ed) y, [&hellip;]<\/p>\n","protected":false},"author":1,"featured_media":0,"parent":12002700,"menu_order":0,"comment_status":"closed","ping_status":"closed","template":"","meta":[],"yoast_head":"<!-- This site is optimized with the Yoast SEO plugin v17.5 - https:\/\/yoast.com\/wordpress\/plugins\/seo\/ -->\n<title>FAQ de nuestros productos &mdash; Bali Boo - Natural Alternatives to Plastic<\/title>\n<meta name=\"description\" content=\"\u00bfTienes alguna pregunta sobre nuestros productos? Aseg\u00farate de consultar primero estas preguntas frecuentes, es posible que tus preguntas hayan sido respondidas.\" \/>\n<meta name=\"robots\" content=\"index, follow, max-snippet:-1, max-image-preview:large, max-video-preview:-1\" \/>\n<link rel=\"canonical\" href=\"https:\/\/bali-boo.com\/es\/preguntas-frecuentes\/faq-de-nuestros-productos\/\" \/>\n<meta property=\"og:locale\" content=\"es_ES\" \/>\n<meta property=\"og:type\" content=\"article\" \/>\n<meta property=\"og:title\" content=\"Preguntas frecuentes sobre nuestros productos - Bali Boo Naturals\" \/>\n<meta property=\"og:description\" content=\"\u00bfTienes alguna pregunta sobre nuestros productos? Aseg\u00farate de consultar primero estas preguntas frecuentes, es posible que tus preguntas hayan sido respondidas.\" \/>\n<meta property=\"og:url\" content=\"https:\/\/bali-boo.com\/es\/preguntas-frecuentes\/faq-de-nuestros-productos\/\" \/>\n<meta property=\"og:site_name\" content=\"Bali Boo - Natural Alternatives to Plastic\" \/>\n<meta property=\"article:modified_time\" content=\"2020-04-21T11:28:01+00:00\" \/>\n<meta property=\"og:image\" content=\"https:\/\/bali-boo.com\/wp-content\/uploads\/2019\/07\/our-products-faq.jpg\" \/>\n\t<meta property=\"og:image:width\" content=\"1200\" \/>\n\t<meta property=\"og:image:height\" content=\"630\" \/>\n<meta name=\"twitter:card\" content=\"summary_large_image\" \/>\n<meta name=\"twitter:label1\" content=\"Tiempo de lectura\" \/>\n\t<meta name=\"twitter:data1\" content=\"5 minutos\" \/>\n<script type=\"application\/ld+json\" class=\"yoast-schema-graph\">{\"@context\":\"https:\/\/schema.org\",\"@graph\":[{\"@type\":\"Organization\",\"@id\":\"https:\/\/bali-boo.com\/#organization\",\"name\":\"Bali Boo\",\"url\":\"https:\/\/bali-boo.com\/\",\"sameAs\":[],\"logo\":{\"@type\":\"ImageObject\",\"@id\":\"https:\/\/bali-boo.com\/#logo\",\"inLanguage\":\"es\",\"url\":\"https:\/\/bali-boo.com\/wp-content\/uploads\/2019\/05\/bali-boo-naturals-logo-main.png\",\"contentUrl\":\"https:\/\/bali-boo.com\/wp-content\/uploads\/2019\/05\/bali-boo-naturals-logo-main.png\",\"width\":300,\"height\":201,\"caption\":\"Bali Boo\"},\"image\":{\"@id\":\"https:\/\/bali-boo.com\/#logo\"}},{\"@type\":\"WebSite\",\"@id\":\"https:\/\/bali-boo.com\/#website\",\"url\":\"https:\/\/bali-boo.com\/\",\"name\":\"Bali Boo - Natural Alternatives to Plastic\",\"description\":\"Natural Alternatives to Plastic\",\"publisher\":{\"@id\":\"https:\/\/bali-boo.com\/#organization\"},\"potentialAction\":[{\"@type\":\"SearchAction\",\"target\":{\"@type\":\"EntryPoint\",\"urlTemplate\":\"https:\/\/bali-boo.com\/?s={search_term_string}\"},\"query-input\":\"required name=search_term_string\"}],\"inLanguage\":\"es\"},{\"@type\":\"ImageObject\",\"@id\":\"https:\/\/bali-boo.com\/es\/preguntas-frecuentes\/faq-de-nuestros-productos\/#primaryimage\",\"inLanguage\":\"es\",\"url\":\"https:\/\/bali-boo.com\/wp-content\/uploads\/2019\/07\/our-products-faq.jpg\",\"contentUrl\":\"https:\/\/bali-boo.com\/wp-content\/uploads\/2019\/07\/our-products-faq.jpg\",\"width\":1200,\"height\":630,\"caption\":\"faq on our products\"},{\"@type\":\"WebPage\",\"@id\":\"https:\/\/bali-boo.com\/es\/preguntas-frecuentes\/faq-de-nuestros-productos\/#webpage\",\"url\":\"https:\/\/bali-boo.com\/es\/preguntas-frecuentes\/faq-de-nuestros-productos\/\",\"name\":\"FAQ de nuestros productos &mdash; Bali Boo - Natural Alternatives to Plastic\",\"isPartOf\":{\"@id\":\"https:\/\/bali-boo.com\/#website\"},\"datePublished\":\"2020-04-03T10:57:13+00:00\",\"dateModified\":\"2020-04-21T11:28:01+00:00\",\"description\":\"\\u00bfTienes alguna pregunta sobre nuestros productos? Aseg\\u00farate de consultar primero estas preguntas frecuentes, es posible que tus preguntas hayan sido respondidas.\",\"breadcrumb\":{\"@id\":\"https:\/\/bali-boo.com\/es\/preguntas-frecuentes\/faq-de-nuestros-productos\/#breadcrumb\"},\"inLanguage\":\"es\",\"potentialAction\":[{\"@type\":\"ReadAction\",\"target\":[\"https:\/\/bali-boo.com\/es\/preguntas-frecuentes\/faq-de-nuestros-productos\/\"]}]},{\"@type\":\"BreadcrumbList\",\"@id\":\"https:\/\/bali-boo.com\/es\/preguntas-frecuentes\/faq-de-nuestros-productos\/#breadcrumb\",\"itemListElement\":[{\"@type\":\"ListItem\",\"position\":1,\"name\":\"Home\",\"item\":\"https:\/\/bali-boo.com\/es\/\"},{\"@type\":\"ListItem\",\"position\":2,\"name\":\"Preguntas Frecuentes\",\"item\":\"https:\/\/bali-boo.com\/es\/preguntas-frecuentes\/\"},{\"@type\":\"ListItem\",\"position\":3,\"name\":\"FAQ de nuestros productos\"}]}]}<\/script>\n<!-- \/ Yoast SEO plugin. -->","yoast_head_json":{"title":"FAQ de nuestros productos &mdash; Bali Boo - Natural Alternatives to Plastic","description":"\u00bfTienes alguna pregunta sobre nuestros productos? Aseg\u00farate de consultar primero estas preguntas frecuentes, es posible que tus preguntas hayan sido respondidas.","robots":{"index":"index","follow":"follow","max-snippet":"max-snippet:-1","max-image-preview":"max-image-preview:large","max-video-preview":"max-video-preview:-1"},"canonical":"https:\/\/bali-boo.com\/es\/preguntas-frecuentes\/faq-de-nuestros-productos\/","og_locale":"es_ES","og_type":"article","og_title":"Preguntas frecuentes sobre nuestros productos - Bali Boo Naturals","og_description":"\u00bfTienes alguna pregunta sobre nuestros productos? Aseg\u00farate de consultar primero estas preguntas frecuentes, es posible que tus preguntas hayan sido respondidas.","og_url":"https:\/\/bali-boo.com\/es\/preguntas-frecuentes\/faq-de-nuestros-productos\/","og_site_name":"Bali Boo - Natural Alternatives to Plastic","article_modified_time":"2020-04-21T11:28:01+00:00","og_image":[{"width":1200,"height":630,"url":"https:\/\/bali-boo.com\/wp-content\/uploads\/2019\/07\/our-products-faq.jpg","type":"image\/jpeg"}],"twitter_card":"summary_large_image","twitter_misc":{"Tiempo de lectura":"5 minutos"},"schema":{"@context":"https:\/\/schema.org","@graph":[{"@type":"Organization","@id":"https:\/\/bali-boo.com\/#organization","name":"Bali Boo","url":"https:\/\/bali-boo.com\/","sameAs":[],"logo":{"@type":"ImageObject","@id":"https:\/\/bali-boo.com\/#logo","inLanguage":"es","url":"https:\/\/bali-boo.com\/wp-content\/uploads\/2019\/05\/bali-boo-naturals-logo-main.png","contentUrl":"https:\/\/bali-boo.com\/wp-content\/uploads\/2019\/05\/bali-boo-naturals-logo-main.png","width":300,"height":201,"caption":"Bali Boo"},"image":{"@id":"https:\/\/bali-boo.com\/#logo"}},{"@type":"WebSite","@id":"https:\/\/bali-boo.com\/#website","url":"https:\/\/bali-boo.com\/","name":"Bali Boo - Natural Alternatives to Plastic","description":"Natural Alternatives to Plastic","publisher":{"@id":"https:\/\/bali-boo.com\/#organization"},"potentialAction":[{"@type":"SearchAction","target":{"@type":"EntryPoint","urlTemplate":"https:\/\/bali-boo.com\/?s={search_term_string}"},"query-input":"required name=search_term_string"}],"inLanguage":"es"},{"@type":"ImageObject","@id":"https:\/\/bali-boo.com\/es\/preguntas-frecuentes\/faq-de-nuestros-productos\/#primaryimage","inLanguage":"es","url":"https:\/\/bali-boo.com\/wp-content\/uploads\/2019\/07\/our-products-faq.jpg","contentUrl":"https:\/\/bali-boo.com\/wp-content\/uploads\/2019\/07\/our-products-faq.jpg","width":1200,"height":630,"caption":"faq on our products"},{"@type":"WebPage","@id":"https:\/\/bali-boo.com\/es\/preguntas-frecuentes\/faq-de-nuestros-productos\/#webpage","url":"https:\/\/bali-boo.com\/es\/preguntas-frecuentes\/faq-de-nuestros-productos\/","name":"FAQ de nuestros productos &mdash; Bali Boo - Natural Alternatives to Plastic","isPartOf":{"@id":"https:\/\/bali-boo.com\/#website"},"datePublished":"2020-04-03T10:57:13+00:00","dateModified":"2020-04-21T11:28:01+00:00","description":"\u00bfTienes alguna pregunta sobre nuestros productos? Aseg\u00farate de consultar primero estas preguntas frecuentes, es posible que tus preguntas hayan sido respondidas.","breadcrumb":{"@id":"https:\/\/bali-boo.com\/es\/preguntas-frecuentes\/faq-de-nuestros-productos\/#breadcrumb"},"inLanguage":"es","potentialAction":[{"@type":"ReadAction","target":["https:\/\/bali-boo.com\/es\/preguntas-frecuentes\/faq-de-nuestros-productos\/"]}]},{"@type":"BreadcrumbList","@id":"https:\/\/bali-boo.com\/es\/preguntas-frecuentes\/faq-de-nuestros-productos\/#breadcrumb","itemListElement":[{"@type":"ListItem","position":1,"name":"Home","item":"https:\/\/bali-boo.com\/es\/"},{"@type":"ListItem","position":2,"name":"Preguntas Frecuentes","item":"https:\/\/bali-boo.com\/es\/preguntas-frecuentes\/"},{"@type":"ListItem","position":3,"name":"FAQ de nuestros productos"}]}]}},"_links":{"self":[{"href":"https:\/\/bali-boo.com\/es\/wp-json\/wp\/v2\/pages\/12002709"}],"collection":[{"href":"https:\/\/bali-boo.com\/es\/wp-json\/wp\/v2\/pages"}],"about":[{"href":"https:\/\/bali-boo.com\/es\/wp-json\/wp\/v2\/types\/page"}],"author":[{"embeddable":true,"href":"https:\/\/bali-boo.com\/es\/wp-json\/wp\/v2\/users\/1"}],"replies":[{"embeddable":true,"href":"https:\/\/bali-boo.com\/es\/wp-json\/wp\/v2\/comments?post=12002709"}],"version-history":[{"count":9,"href":"https:\/\/bali-boo.com\/es\/wp-json\/wp\/v2\/pages\/12002709\/revisions"}],"predecessor-version":[{"id":12003532,"href":"https:\/\/bali-boo.com\/es\/wp-json\/wp\/v2\/pages\/12002709\/revisions\/12003532"}],"up":[{"embeddable":true,"href":"https:\/\/bali-boo.com\/es\/wp-json\/wp\/v2\/pages\/12002700"}],"wp:attachment":[{"href":"https:\/\/bali-boo.com\/es\/wp-json\/wp\/v2\/media?parent=12002709"}],"curies":[{"name":"wp","href":"https:\/\/api.w.org\/{rel}","templated":true}]}}